{"id":2180,"date":"2025-09-22T17:30:26","date_gmt":"2025-09-22T20:30:26","guid":{"rendered":"https:\/\/insertcode.cl\/?page_id=2180"},"modified":"2025-12-12T12:36:04","modified_gmt":"2025-12-12T15:36:04","slug":"liquidaciones","status":"publish","type":"page","link":"https:\/\/insertcode.cl\/?page_id=2180","title":{"rendered":"Liquidaciones"},"content":{"rendered":"\n<figure class=\"wp-block-image aligncenter size-full is-resized\"><img loading=\"lazy\" decoding=\"async\" width=\"1252\" height=\"199\" src=\"https:\/\/insertcode.cl\/wp-content\/uploads\/2025\/04\/TSLogo2-2-1.png\" alt=\"\" class=\"wp-image-2214\" style=\"aspect-ratio:6.29190824300479;width:352px;height:auto\" srcset=\"https:\/\/insertcode.cl\/wp-content\/uploads\/2025\/04\/TSLogo2-2-1.png 1252w, https:\/\/insertcode.cl\/wp-content\/uploads\/2025\/04\/TSLogo2-2-1-300x48.png 300w, https:\/\/insertcode.cl\/wp-content\/uploads\/2025\/04\/TSLogo2-2-1-1024x163.png 1024w, https:\/\/insertcode.cl\/wp-content\/uploads\/2025\/04\/TSLogo2-2-1-768x122.png 768w\" sizes=\"auto, (max-width: 1252px) 100vw, 1252px\" \/><\/figure>\n\n\n\n<figure class=\"wp-block-embed is-type-video is-provider-youtube wp-block-embed-youtube wp-embed-aspect-16-9 wp-has-aspect-ratio\"><div class=\"wp-block-embed__wrapper\">\n<iframe loading=\"lazy\" title=\"Presentaci\u00f3n Timesync\" width=\"500\" height=\"281\" src=\"https:\/\/www.youtube.com\/embed\/ey7_NyjQbiQ?feature=oembed\" frameborder=\"0\" allow=\"accelerometer; autoplay; clipboard-write; encrypted-media; gyroscope; picture-in-picture; web-share\" referrerpolicy=\"strict-origin-when-cross-origin\" allowfullscreen><\/iframe>\n<\/div><\/figure>\n\n\n\n<div class=\"wp-block-buttons is-content-justification-center is-layout-flex wp-container-core-buttons-is-layout-a89b3969 wp-block-buttons-is-layout-flex\">\n<div class=\"wp-block-button\"><a class=\"wp-block-button__link has-luminous-vivid-amber-color has-text-color has-background has-link-color wp-element-button\" href=\"https:\/\/timesync.desarrollos.cloud\/dashboard\/login\" style=\"background-color:#171718\">Ver Demo<\/a><\/div>\n<\/div>\n\n\n\n<div style=\"height:27px\" aria-hidden=\"true\" class=\"wp-block-spacer\"><\/div>\n\n\n\n<div class=\"wp-block-columns is-layout-flex wp-container-core-columns-is-layout-28f84493 wp-block-columns-is-layout-flex\">\n<div class=\"wp-block-column is-layout-flow wp-block-column-is-layout-flow\" style=\"flex-basis:33.33%\">\n<p><strong>TimeSync de asistencia biom\u00e9trica online<\/strong> ofrece un sistema moderno para registrar la presencia mediante reconocimiento facial, huella digital u otros factores biom\u00e9tricos, lo que elimina la necesidad de m\u00e9todos manuales o f\u00edsicos. Mejora la seguridad al asegurar que solo el usuario autorizado pueda marcar asistencia. Adem\u00e1s, facilita la gesti\u00f3n de asistencia en remoto o en m\u00faltiples ubicaciones, centralizando los datos en una plataforma accesible. Gracias a su automatizaci\u00f3n y precisi\u00f3n, reduce errores de registro y ahorra tiempo en administraci\u00f3n.<\/p>\n<\/div>\n\n\n\n<div class=\"wp-block-column is-layout-flow wp-block-column-is-layout-flow\" style=\"flex-basis:66.66%\">\n<figure class=\"wp-block-image size-large\"><img loading=\"lazy\" decoding=\"async\" width=\"1024\" height=\"576\" src=\"https:\/\/insertcode.cl\/wp-content\/uploads\/2025\/12\/Pink-and-Black-Gradient-Technology-Keynote-Presentation-2-1024x576.png\" alt=\"\" class=\"wp-image-2402\" srcset=\"https:\/\/insertcode.cl\/wp-content\/uploads\/2025\/12\/Pink-and-Black-Gradient-Technology-Keynote-Presentation-2-1024x576.png 1024w, https:\/\/insertcode.cl\/wp-content\/uploads\/2025\/12\/Pink-and-Black-Gradient-Technology-Keynote-Presentation-2-300x169.png 300w, https:\/\/insertcode.cl\/wp-content\/uploads\/2025\/12\/Pink-and-Black-Gradient-Technology-Keynote-Presentation-2-768x432.png 768w, https:\/\/insertcode.cl\/wp-content\/uploads\/2025\/12\/Pink-and-Black-Gradient-Technology-Keynote-Presentation-2-1536x864.png 1536w, https:\/\/insertcode.cl\/wp-content\/uploads\/2025\/12\/Pink-and-Black-Gradient-Technology-Keynote-Presentation-2.png 1920w\" sizes=\"auto, (max-width: 1024px) 100vw, 1024px\" \/><\/figure>\n<\/div>\n<\/div>\n\n\n\n<div style=\"height:45px\" aria-hidden=\"true\" class=\"wp-block-spacer\"><\/div>\n\n\n\n<div class=\"wp-block-columns is-layout-flex wp-container-core-columns-is-layout-28f84493 wp-block-columns-is-layout-flex\">\n<div class=\"wp-block-column is-layout-flow wp-block-column-is-layout-flow\" style=\"flex-basis:33.33%\">\n<p><strong>TimeSync de asistencia<\/strong> su uso de versiones web para controlar los fichajes (entrada\/salida de personal) ofrece una manera flexible y accesible de gestionar asistencia desde cualquier dispositivo con internet. Permite a los empleados fichar sin necesidad de hardware f\u00edsico, lo que simplifica la operativa. Adem\u00e1s, centraliza los registros en un panel administrable, facilitando el seguimiento, el control de horarios y la generaci\u00f3n de reportes. Por \u00faltimo, reduce errores manuales y optimiza tiempo para recursos humanos, mejorando la eficiencia organizacional.<\/p>\n<\/div>\n\n\n\n<div class=\"wp-block-column is-layout-flow wp-block-column-is-layout-flow\" style=\"flex-basis:66.66%\">\n<figure class=\"wp-block-image size-large\"><img loading=\"lazy\" decoding=\"async\" width=\"1024\" height=\"576\" src=\"https:\/\/insertcode.cl\/wp-content\/uploads\/2025\/12\/Pink-and-Black-Gradient-Technology-Keynote-Presentation-1-1024x576.png\" alt=\"\" class=\"wp-image-2401\" srcset=\"https:\/\/insertcode.cl\/wp-content\/uploads\/2025\/12\/Pink-and-Black-Gradient-Technology-Keynote-Presentation-1-1024x576.png 1024w, https:\/\/insertcode.cl\/wp-content\/uploads\/2025\/12\/Pink-and-Black-Gradient-Technology-Keynote-Presentation-1-300x169.png 300w, https:\/\/insertcode.cl\/wp-content\/uploads\/2025\/12\/Pink-and-Black-Gradient-Technology-Keynote-Presentation-1-768x432.png 768w, https:\/\/insertcode.cl\/wp-content\/uploads\/2025\/12\/Pink-and-Black-Gradient-Technology-Keynote-Presentation-1-1536x864.png 1536w, https:\/\/insertcode.cl\/wp-content\/uploads\/2025\/12\/Pink-and-Black-Gradient-Technology-Keynote-Presentation-1.png 1920w\" sizes=\"auto, (max-width: 1024px) 100vw, 1024px\" \/><\/figure>\n<\/div>\n<\/div>\n\n\n\n<div style=\"height:43px\" aria-hidden=\"true\" class=\"wp-block-spacer\"><\/div>\n\n\n\n<div class=\"wp-block-columns is-layout-flex wp-container-core-columns-is-layout-28f84493 wp-block-columns-is-layout-flex\">\n<div class=\"wp-block-column is-layout-flow wp-block-column-is-layout-flow\" style=\"flex-basis:33.33%\">\n<p><strong>TimeSync de asistencia<\/strong> versi\u00f3n m\u00f3vil para controlar fichajes permite a los empleados registrar sus entradas y salidas desde cualquier lugar, usando solo su tel\u00e9fono. Su acceso r\u00e1pido y f\u00e1cil mejora la puntualidad y elimina la necesidad de dispositivos f\u00edsicos. Adem\u00e1s, centraliza los datos en tiempo real para que la empresa pueda monitorear horarios y asistencia con mayor precisi\u00f3n. En conjunto, ofrece una soluci\u00f3n flexible, moderna y eficiente para la gesti\u00f3n diaria del personal.<\/p>\n<\/div>\n\n\n\n<div class=\"wp-block-column is-layout-flow wp-block-column-is-layout-flow\" style=\"flex-basis:66.66%\">\n<figure class=\"wp-block-image size-large\"><img loading=\"lazy\" decoding=\"async\" width=\"1024\" height=\"576\" src=\"https:\/\/insertcode.cl\/wp-content\/uploads\/2025\/12\/Pink-and-Black-Gradient-Technology-Keynote-Presentation-1024x576.png\" alt=\"\" class=\"wp-image-2399\" srcset=\"https:\/\/insertcode.cl\/wp-content\/uploads\/2025\/12\/Pink-and-Black-Gradient-Technology-Keynote-Presentation-1024x576.png 1024w, https:\/\/insertcode.cl\/wp-content\/uploads\/2025\/12\/Pink-and-Black-Gradient-Technology-Keynote-Presentation-300x169.png 300w, https:\/\/insertcode.cl\/wp-content\/uploads\/2025\/12\/Pink-and-Black-Gradient-Technology-Keynote-Presentation-768x432.png 768w, https:\/\/insertcode.cl\/wp-content\/uploads\/2025\/12\/Pink-and-Black-Gradient-Technology-Keynote-Presentation-1536x864.png 1536w, https:\/\/insertcode.cl\/wp-content\/uploads\/2025\/12\/Pink-and-Black-Gradient-Technology-Keynote-Presentation.png 1920w\" sizes=\"auto, (max-width: 1024px) 100vw, 1024px\" \/><\/figure>\n<\/div>\n<\/div>\n","protected":false},"excerpt":{"rendered":"<p>TimeSync de asistencia biom\u00e9trica online ofrece un sistema moderno para registrar la presencia mediante reconocimiento facial, huella digital u otros factores biom\u00e9tricos, lo que elimina la necesidad de m\u00e9todos manuales o f\u00edsicos. Mejora la seguridad al asegurar que solo el usuario autorizado pueda marcar asistencia. Adem\u00e1s, facilita la gesti\u00f3n de asistencia en remoto o en [&hellip;]<\/p>\n","protected":false},"author":1,"featured_media":0,"parent":0,"menu_order":0,"comment_status":"closed","ping_status":"closed","template":"","meta":{"footnotes":""},"class_list":["post-2180","page","type-page","status-publish","hentry"],"yoast_head":"<!-- This site is optimized with the Yoast SEO plugin v26.3 - https:\/\/yoast.com\/wordpress\/plugins\/seo\/ -->\n<title>Liquidaciones - InsertCode<\/title>\n<meta name=\"robots\" content=\"index, follow, max-snippet:-1, max-image-preview:large, max-video-preview:-1\" \/>\n<link rel=\"canonical\" href=\"https:\/\/insertcode.cl\/?page_id=2180\" \/>\n<meta property=\"og:locale\" content=\"es_ES\" \/>\n<meta property=\"og:type\" content=\"article\" \/>\n<meta property=\"og:title\" content=\"Liquidaciones - InsertCode\" \/>\n<meta property=\"og:description\" content=\"TimeSync de asistencia biom\u00e9trica online ofrece un sistema moderno para registrar la presencia mediante reconocimiento facial, huella digital u otros factores biom\u00e9tricos, lo que elimina la necesidad de m\u00e9todos manuales o f\u00edsicos. Mejora la seguridad al asegurar que solo el usuario autorizado pueda marcar asistencia. Adem\u00e1s, facilita la gesti\u00f3n de asistencia en remoto o en [&hellip;]\" \/>\n<meta property=\"og:url\" content=\"https:\/\/insertcode.cl\/?page_id=2180\" \/>\n<meta property=\"og:site_name\" content=\"InsertCode\" \/>\n<meta property=\"article:modified_time\" content=\"2025-12-12T15:36:04+00:00\" \/>\n<meta property=\"og:image\" content=\"https:\/\/insertcode.cl\/wp-content\/uploads\/2025\/04\/TSLogo2-2-1.png\" \/>\n\t<meta property=\"og:image:width\" content=\"1252\" \/>\n\t<meta property=\"og:image:height\" content=\"199\" \/>\n\t<meta property=\"og:image:type\" content=\"image\/png\" \/>\n<meta name=\"twitter:card\" content=\"summary_large_image\" \/>\n<meta name=\"twitter:label1\" content=\"Tiempo estimado de lectura\" \/>\n\t<meta name=\"twitter:data1\" content=\"2 minutos\" \/>\n<script type=\"application\/ld+json\" class=\"yoast-schema-graph\">{\"@context\":\"https:\/\/schema.org\",\"@graph\":[{\"@type\":\"WebPage\",\"@id\":\"https:\/\/insertcode.cl\/?page_id=2180\",\"url\":\"https:\/\/insertcode.cl\/?page_id=2180\",\"name\":\"Liquidaciones - InsertCode\",\"isPartOf\":{\"@id\":\"https:\/\/insertcode.cl\/#website\"},\"primaryImageOfPage\":{\"@id\":\"https:\/\/insertcode.cl\/?page_id=2180#primaryimage\"},\"image\":{\"@id\":\"https:\/\/insertcode.cl\/?page_id=2180#primaryimage\"},\"thumbnailUrl\":\"https:\/\/insertcode.cl\/wp-content\/uploads\/2025\/04\/TSLogo2-2-1.png\",\"datePublished\":\"2025-09-22T20:30:26+00:00\",\"dateModified\":\"2025-12-12T15:36:04+00:00\",\"breadcrumb\":{\"@id\":\"https:\/\/insertcode.cl\/?page_id=2180#breadcrumb\"},\"inLanguage\":\"es-CL\",\"potentialAction\":[{\"@type\":\"ReadAction\",\"target\":[\"https:\/\/insertcode.cl\/?page_id=2180\"]}]},{\"@type\":\"ImageObject\",\"inLanguage\":\"es-CL\",\"@id\":\"https:\/\/insertcode.cl\/?page_id=2180#primaryimage\",\"url\":\"https:\/\/insertcode.cl\/wp-content\/uploads\/2025\/04\/TSLogo2-2-1.png\",\"contentUrl\":\"https:\/\/insertcode.cl\/wp-content\/uploads\/2025\/04\/TSLogo2-2-1.png\",\"width\":1252,\"height\":199},{\"@type\":\"BreadcrumbList\",\"@id\":\"https:\/\/insertcode.cl\/?page_id=2180#breadcrumb\",\"itemListElement\":[{\"@type\":\"ListItem\",\"position\":1,\"name\":\"Portada\",\"item\":\"https:\/\/insertcode.cl\/\"},{\"@type\":\"ListItem\",\"position\":2,\"name\":\"Liquidaciones\"}]},{\"@type\":\"WebSite\",\"@id\":\"https:\/\/insertcode.cl\/#website\",\"url\":\"https:\/\/insertcode.cl\/\",\"name\":\"InsertCode\",\"description\":\"Soluciones Tecnol\u00f3gicas\",\"publisher\":{\"@id\":\"https:\/\/insertcode.cl\/#organization\"},\"potentialAction\":[{\"@type\":\"SearchAction\",\"target\":{\"@type\":\"EntryPoint\",\"urlTemplate\":\"https:\/\/insertcode.cl\/?s={search_term_string}\"},\"query-input\":{\"@type\":\"PropertyValueSpecification\",\"valueRequired\":true,\"valueName\":\"search_term_string\"}}],\"inLanguage\":\"es-CL\"},{\"@type\":\"Organization\",\"@id\":\"https:\/\/insertcode.cl\/#organization\",\"name\":\"InsertCode\",\"url\":\"https:\/\/insertcode.cl\/\",\"logo\":{\"@type\":\"ImageObject\",\"inLanguage\":\"es-CL\",\"@id\":\"https:\/\/insertcode.cl\/#\/schema\/logo\/image\/\",\"url\":\"https:\/\/insertcode.cl\/wp-content\/uploads\/2025\/09\/cropped-Imagen-de-WhatsApp-2025-03-19-a-las-09.35.31_9811f8ed-1.jpg\",\"contentUrl\":\"https:\/\/insertcode.cl\/wp-content\/uploads\/2025\/09\/cropped-Imagen-de-WhatsApp-2025-03-19-a-las-09.35.31_9811f8ed-1.jpg\",\"width\":512,\"height\":512,\"caption\":\"InsertCode\"},\"image\":{\"@id\":\"https:\/\/insertcode.cl\/#\/schema\/logo\/image\/\"}}]}<\/script>\n<!-- \/ Yoast SEO plugin. -->","yoast_head_json":{"title":"Liquidaciones - InsertCode","robots":{"index":"index","follow":"follow","max-snippet":"max-snippet:-1","max-image-preview":"max-image-preview:large","max-video-preview":"max-video-preview:-1"},"canonical":"https:\/\/insertcode.cl\/?page_id=2180","og_locale":"es_ES","og_type":"article","og_title":"Liquidaciones - InsertCode","og_description":"TimeSync de asistencia biom\u00e9trica online ofrece un sistema moderno para registrar la presencia mediante reconocimiento facial, huella digital u otros factores biom\u00e9tricos, lo que elimina la necesidad de m\u00e9todos manuales o f\u00edsicos. Mejora la seguridad al asegurar que solo el usuario autorizado pueda marcar asistencia. Adem\u00e1s, facilita la gesti\u00f3n de asistencia en remoto o en [&hellip;]","og_url":"https:\/\/insertcode.cl\/?page_id=2180","og_site_name":"InsertCode","article_modified_time":"2025-12-12T15:36:04+00:00","og_image":[{"width":1252,"height":199,"url":"https:\/\/insertcode.cl\/wp-content\/uploads\/2025\/04\/TSLogo2-2-1.png","type":"image\/png"}],"twitter_card":"summary_large_image","twitter_misc":{"Tiempo estimado de lectura":"2 minutos"},"schema":{"@context":"https:\/\/schema.org","@graph":[{"@type":"WebPage","@id":"https:\/\/insertcode.cl\/?page_id=2180","url":"https:\/\/insertcode.cl\/?page_id=2180","name":"Liquidaciones - InsertCode","isPartOf":{"@id":"https:\/\/insertcode.cl\/#website"},"primaryImageOfPage":{"@id":"https:\/\/insertcode.cl\/?page_id=2180#primaryimage"},"image":{"@id":"https:\/\/insertcode.cl\/?page_id=2180#primaryimage"},"thumbnailUrl":"https:\/\/insertcode.cl\/wp-content\/uploads\/2025\/04\/TSLogo2-2-1.png","datePublished":"2025-09-22T20:30:26+00:00","dateModified":"2025-12-12T15:36:04+00:00","breadcrumb":{"@id":"https:\/\/insertcode.cl\/?page_id=2180#breadcrumb"},"inLanguage":"es-CL","potentialAction":[{"@type":"ReadAction","target":["https:\/\/insertcode.cl\/?page_id=2180"]}]},{"@type":"ImageObject","inLanguage":"es-CL","@id":"https:\/\/insertcode.cl\/?page_id=2180#primaryimage","url":"https:\/\/insertcode.cl\/wp-content\/uploads\/2025\/04\/TSLogo2-2-1.png","contentUrl":"https:\/\/insertcode.cl\/wp-content\/uploads\/2025\/04\/TSLogo2-2-1.png","width":1252,"height":199},{"@type":"BreadcrumbList","@id":"https:\/\/insertcode.cl\/?page_id=2180#breadcrumb","itemListElement":[{"@type":"ListItem","position":1,"name":"Portada","item":"https:\/\/insertcode.cl\/"},{"@type":"ListItem","position":2,"name":"Liquidaciones"}]},{"@type":"WebSite","@id":"https:\/\/insertcode.cl\/#website","url":"https:\/\/insertcode.cl\/","name":"InsertCode","description":"Soluciones Tecnol\u00f3gicas","publisher":{"@id":"https:\/\/insertcode.cl\/#organization"},"potentialAction":[{"@type":"SearchAction","target":{"@type":"EntryPoint","urlTemplate":"https:\/\/insertcode.cl\/?s={search_term_string}"},"query-input":{"@type":"PropertyValueSpecification","valueRequired":true,"valueName":"search_term_string"}}],"inLanguage":"es-CL"},{"@type":"Organization","@id":"https:\/\/insertcode.cl\/#organization","name":"InsertCode","url":"https:\/\/insertcode.cl\/","logo":{"@type":"ImageObject","inLanguage":"es-CL","@id":"https:\/\/insertcode.cl\/#\/schema\/logo\/image\/","url":"https:\/\/insertcode.cl\/wp-content\/uploads\/2025\/09\/cropped-Imagen-de-WhatsApp-2025-03-19-a-las-09.35.31_9811f8ed-1.jpg","contentUrl":"https:\/\/insertcode.cl\/wp-content\/uploads\/2025\/09\/cropped-Imagen-de-WhatsApp-2025-03-19-a-las-09.35.31_9811f8ed-1.jpg","width":512,"height":512,"caption":"InsertCode"},"image":{"@id":"https:\/\/insertcode.cl\/#\/schema\/logo\/image\/"}}]}},"_links":{"self":[{"href":"https:\/\/insertcode.cl\/index.php?rest_route=\/wp\/v2\/pages\/2180","targetHints":{"allow":["GET"]}}],"collection":[{"href":"https:\/\/insertcode.cl\/index.php?rest_route=\/wp\/v2\/pages"}],"about":[{"href":"https:\/\/insertcode.cl\/index.php?rest_route=\/wp\/v2\/types\/page"}],"author":[{"embeddable":true,"href":"https:\/\/insertcode.cl\/index.php?rest_route=\/wp\/v2\/users\/1"}],"replies":[{"embeddable":true,"href":"https:\/\/insertcode.cl\/index.php?rest_route=%2Fwp%2Fv2%2Fcomments&post=2180"}],"version-history":[{"count":7,"href":"https:\/\/insertcode.cl\/index.php?rest_route=\/wp\/v2\/pages\/2180\/revisions"}],"predecessor-version":[{"id":2454,"href":"https:\/\/insertcode.cl\/index.php?rest_route=\/wp\/v2\/pages\/2180\/revisions\/2454"}],"wp:attachment":[{"href":"https:\/\/insertcode.cl\/index.php?rest_route=%2Fwp%2Fv2%2Fmedia&parent=2180"}],"curies":[{"name":"wp","href":"https:\/\/api.w.org\/{rel}","templated":true}]}}