{"id":2116,"date":"2025-08-14T19:19:23","date_gmt":"2025-08-14T22:19:23","guid":{"rendered":"https:\/\/insertcodedigital.cl\/?page_id=2116"},"modified":"2025-12-06T14:28:44","modified_gmt":"2025-12-06T17:28:44","slug":"app-mantencion-y-control-de-transportes","status":"publish","type":"page","link":"https:\/\/insertcode.cl\/?page_id=2116","title":{"rendered":"App-Mantencion y control de transportes"},"content":{"rendered":"\n<figure class=\"wp-block-image aligncenter size-full\"><img loading=\"lazy\" decoding=\"async\" width=\"410\" height=\"79\" src=\"https:\/\/insertcode.cl\/wp-content\/uploads\/2025\/12\/yaaaaRecuperado.png\" alt=\"\" class=\"wp-image-2207\" srcset=\"https:\/\/insertcode.cl\/wp-content\/uploads\/2025\/12\/yaaaaRecuperado.png 410w, https:\/\/insertcode.cl\/wp-content\/uploads\/2025\/12\/yaaaaRecuperado-300x58.png 300w\" sizes=\"auto, (max-width: 410px) 100vw, 410px\" \/><\/figure>\n\n\n\n<div style=\"height:35px\" aria-hidden=\"true\" class=\"wp-block-spacer\"><\/div>\n\n\n\n<div class=\"wp-block-columns is-layout-flex wp-container-core-columns-is-layout-28f84493 wp-block-columns-is-layout-flex\">\n<div class=\"wp-block-column is-layout-flow wp-block-column-is-layout-flow\" style=\"flex-basis:33.33%\">\n<p>Un <strong>Dashboard de Mantenimiento<\/strong> es una herramienta visual que centraliza informaci\u00f3n clave sobre el estado y gesti\u00f3n de equipos o instalaciones. Muestra indicadores como frecuencia de fallas, trabajos programados, costos y tiempos de inactividad. Facilita el seguimiento en tiempo real y la priorizaci\u00f3n de tareas de mantenimiento preventivo o correctivo. Su uso mejora la eficiencia operativa y prolonga la vida \u00fatil de los activos.<br><br><\/p>\n<\/div>\n\n\n\n<div class=\"wp-block-column is-layout-flow wp-block-column-is-layout-flow\" style=\"flex-basis:66.66%\">\n<figure class=\"wp-block-image size-large\"><img loading=\"lazy\" decoding=\"async\" width=\"1024\" height=\"468\" src=\"https:\/\/insertcode.cl\/wp-content\/uploads\/2025\/08\/dash-1-1024x468.png\" alt=\"\" class=\"wp-image-2117\" srcset=\"https:\/\/insertcode.cl\/wp-content\/uploads\/2025\/08\/dash-1-1024x468.png 1024w, https:\/\/insertcode.cl\/wp-content\/uploads\/2025\/08\/dash-1-300x137.png 300w, https:\/\/insertcode.cl\/wp-content\/uploads\/2025\/08\/dash-1-768x351.png 768w, https:\/\/insertcode.cl\/wp-content\/uploads\/2025\/08\/dash-1-1536x703.png 1536w, https:\/\/insertcode.cl\/wp-content\/uploads\/2025\/08\/dash-1.png 1917w\" sizes=\"auto, (max-width: 1024px) 100vw, 1024px\" \/><\/figure>\n<\/div>\n<\/div>\n\n\n\n<div class=\"wp-block-columns is-layout-flex wp-container-core-columns-is-layout-28f84493 wp-block-columns-is-layout-flex\">\n<div class=\"wp-block-column is-layout-flow wp-block-column-is-layout-flow\" style=\"flex-basis:33.33%\">\n<p>La <strong>Administraci\u00f3n de Veh\u00edculos y Maquinaria<\/strong> consiste en organizar, supervisar y optimizar el uso de los activos m\u00f3viles de una empresa. Incluye el control de mantenimiento, consumo de combustible, disponibilidad y costos operativos. Permite planificar reemplazos, programar servicios y maximizar la vida \u00fatil de cada equipo. Una gesti\u00f3n eficiente reduce gastos y mejora la productividad en las operaciones.<\/p>\n<\/div>\n\n\n\n<div class=\"wp-block-column is-layout-flow wp-block-column-is-layout-flow\" style=\"flex-basis:66.66%\">\n<figure class=\"wp-block-image size-large\"><img loading=\"lazy\" decoding=\"async\" width=\"1024\" height=\"470\" src=\"https:\/\/insertcode.cl\/wp-content\/uploads\/2025\/08\/sertttt-1024x470.png\" alt=\"\" class=\"wp-image-2118\" srcset=\"https:\/\/insertcode.cl\/wp-content\/uploads\/2025\/08\/sertttt-1024x470.png 1024w, https:\/\/insertcode.cl\/wp-content\/uploads\/2025\/08\/sertttt-300x138.png 300w, https:\/\/insertcode.cl\/wp-content\/uploads\/2025\/08\/sertttt-768x353.png 768w, https:\/\/insertcode.cl\/wp-content\/uploads\/2025\/08\/sertttt-1536x706.png 1536w, https:\/\/insertcode.cl\/wp-content\/uploads\/2025\/08\/sertttt.png 1918w\" sizes=\"auto, (max-width: 1024px) 100vw, 1024px\" \/><\/figure>\n<\/div>\n<\/div>\n\n\n\n<div class=\"wp-block-columns is-layout-flex wp-container-core-columns-is-layout-28f84493 wp-block-columns-is-layout-flex\">\n<div class=\"wp-block-column is-layout-flow wp-block-column-is-layout-flow\" style=\"flex-basis:33.33%\">\n<p>Los <strong>mantenimientos programados<\/strong> son intervenciones planificadas para revisar, reparar o reemplazar equipos antes de que ocurran fallas. Buscan garantizar la continuidad operativa, reducir tiempos de inactividad y prolongar la vida \u00fatil de los activos. Permiten organizar recursos y personal de manera eficiente, evitando emergencias costosas. Su implementaci\u00f3n mejora la seguridad, confiabilidad y eficiencia de las operaciones.<\/p>\n<\/div>\n\n\n\n<div class=\"wp-block-column is-layout-flow wp-block-column-is-layout-flow\" style=\"flex-basis:66.66%\">\n<figure class=\"wp-block-image size-large\"><img loading=\"lazy\" decoding=\"async\" width=\"1024\" height=\"468\" src=\"https:\/\/insertcode.cl\/wp-content\/uploads\/2025\/08\/fhdtdtht-1024x468.png\" alt=\"\" class=\"wp-image-2119\" srcset=\"https:\/\/insertcode.cl\/wp-content\/uploads\/2025\/08\/fhdtdtht-1024x468.png 1024w, https:\/\/insertcode.cl\/wp-content\/uploads\/2025\/08\/fhdtdtht-300x137.png 300w, https:\/\/insertcode.cl\/wp-content\/uploads\/2025\/08\/fhdtdtht-768x351.png 768w, https:\/\/insertcode.cl\/wp-content\/uploads\/2025\/08\/fhdtdtht-1536x702.png 1536w, https:\/\/insertcode.cl\/wp-content\/uploads\/2025\/08\/fhdtdtht.png 1917w\" sizes=\"auto, (max-width: 1024px) 100vw, 1024px\" \/><\/figure>\n<\/div>\n<\/div>\n\n\n\n<div class=\"wp-block-columns is-layout-flex wp-container-core-columns-is-layout-28f84493 wp-block-columns-is-layout-flex\">\n<div class=\"wp-block-column is-layout-flow wp-block-column-is-layout-flow\" style=\"flex-basis:33.33%\">\n<p>Los <strong>Mantenimientos Ejecutados<\/strong> registran y documentan todas las intervenciones realizadas sobre equipos o instalaciones. Permiten evaluar el cumplimiento del plan de mantenimiento y la efectividad de las acciones realizadas. Facilitan el an\u00e1lisis de costos, tiempos de inactividad y rendimiento de los activos. Su seguimiento asegura una gesti\u00f3n m\u00e1s eficiente y confiable de los recursos operativos.<br><br><\/p>\n<\/div>\n\n\n\n<div class=\"wp-block-column is-layout-flow wp-block-column-is-layout-flow\" style=\"flex-basis:66.66%\">\n<figure class=\"wp-block-image size-large\"><img loading=\"lazy\" decoding=\"async\" width=\"1024\" height=\"470\" src=\"https:\/\/insertcode.cl\/wp-content\/uploads\/2025\/08\/hghgh-1024x470.png\" alt=\"\" class=\"wp-image-2120\" srcset=\"https:\/\/insertcode.cl\/wp-content\/uploads\/2025\/08\/hghgh-1024x470.png 1024w, https:\/\/insertcode.cl\/wp-content\/uploads\/2025\/08\/hghgh-300x138.png 300w, https:\/\/insertcode.cl\/wp-content\/uploads\/2025\/08\/hghgh-768x352.png 768w, https:\/\/insertcode.cl\/wp-content\/uploads\/2025\/08\/hghgh-1536x705.png 1536w, https:\/\/insertcode.cl\/wp-content\/uploads\/2025\/08\/hghgh.png 1918w\" sizes=\"auto, (max-width: 1024px) 100vw, 1024px\" \/><\/figure>\n<\/div>\n<\/div>\n\n\n\n<div class=\"wp-block-columns is-layout-flex wp-container-core-columns-is-layout-28f84493 wp-block-columns-is-layout-flex\">\n<div class=\"wp-block-column is-layout-flow wp-block-column-is-layout-flow\" style=\"flex-basis:33.33%\">\n<p>Las <strong>alertas de Mantenimiento<\/strong> notifican de manera oportuna la necesidad de revisar o intervenir equipos e instalaciones. Permiten prevenir fallas, reducir tiempos de inactividad y evitar costos imprevistos. Facilitan la planificaci\u00f3n de tareas y la priorizaci\u00f3n de recursos seg\u00fan urgencia y criticidad. Su uso mejora la eficiencia operativa y garantiza la continuidad de las operaciones.<br><br><\/p>\n<\/div>\n\n\n\n<div class=\"wp-block-column is-layout-flow wp-block-column-is-layout-flow\" style=\"flex-basis:66.66%\">\n<figure class=\"wp-block-image size-large\"><img loading=\"lazy\" decoding=\"async\" width=\"1024\" height=\"469\" src=\"https:\/\/insertcode.cl\/wp-content\/uploads\/2025\/08\/nmnmm-1024x469.png\" alt=\"\" class=\"wp-image-2121\" srcset=\"https:\/\/insertcode.cl\/wp-content\/uploads\/2025\/08\/nmnmm-1024x469.png 1024w, https:\/\/insertcode.cl\/wp-content\/uploads\/2025\/08\/nmnmm-300x137.png 300w, https:\/\/insertcode.cl\/wp-content\/uploads\/2025\/08\/nmnmm-768x352.png 768w, https:\/\/insertcode.cl\/wp-content\/uploads\/2025\/08\/nmnmm-1536x703.png 1536w, https:\/\/insertcode.cl\/wp-content\/uploads\/2025\/08\/nmnmm.png 1917w\" sizes=\"auto, (max-width: 1024px) 100vw, 1024px\" \/><\/figure>\n<\/div>\n<\/div>\n\n\n\n<div class=\"wp-block-columns is-layout-flex wp-container-core-columns-is-layout-28f84493 wp-block-columns-is-layout-flex\">\n<div class=\"wp-block-column is-layout-flow wp-block-column-is-layout-flow\" style=\"flex-basis:33.33%\"><\/div>\n\n\n\n<div class=\"wp-block-column is-layout-flow wp-block-column-is-layout-flow\" style=\"flex-basis:66.66%\"><\/div>\n<\/div>\n","protected":false},"excerpt":{"rendered":"<p>Un Dashboard de Mantenimiento es una herramienta visual que centraliza informaci\u00f3n clave sobre el estado y gesti\u00f3n de equipos o instalaciones. Muestra indicadores como frecuencia de fallas, trabajos programados, costos y tiempos de inactividad. Facilita el seguimiento en tiempo real y la priorizaci\u00f3n de tareas de mantenimiento preventivo o correctivo. Su uso mejora la eficiencia [&hellip;]<\/p>\n","protected":false},"author":1,"featured_media":0,"parent":0,"menu_order":0,"comment_status":"closed","ping_status":"closed","template":"","meta":{"footnotes":""},"class_list":["post-2116","page","type-page","status-publish","hentry"],"yoast_head":"<!-- This site is optimized with the Yoast SEO plugin v26.3 - https:\/\/yoast.com\/wordpress\/plugins\/seo\/ -->\n<title>App-Mantencion y control de transportes - InsertCode<\/title>\n<meta name=\"robots\" content=\"index, follow, max-snippet:-1, max-image-preview:large, max-video-preview:-1\" \/>\n<link rel=\"canonical\" href=\"https:\/\/insertcode.cl\/?page_id=2116\" \/>\n<meta property=\"og:locale\" content=\"es_ES\" \/>\n<meta property=\"og:type\" content=\"article\" \/>\n<meta property=\"og:title\" content=\"App-Mantencion y control de transportes - InsertCode\" \/>\n<meta property=\"og:description\" content=\"Un Dashboard de Mantenimiento es una herramienta visual que centraliza informaci\u00f3n clave sobre el estado y gesti\u00f3n de equipos o instalaciones. Muestra indicadores como frecuencia de fallas, trabajos programados, costos y tiempos de inactividad. Facilita el seguimiento en tiempo real y la priorizaci\u00f3n de tareas de mantenimiento preventivo o correctivo. Su uso mejora la eficiencia [&hellip;]\" \/>\n<meta property=\"og:url\" content=\"https:\/\/insertcode.cl\/?page_id=2116\" \/>\n<meta property=\"og:site_name\" content=\"InsertCode\" \/>\n<meta property=\"article:modified_time\" content=\"2025-12-06T17:28:44+00:00\" \/>\n<meta property=\"og:image\" content=\"https:\/\/insertcode.cl\/wp-content\/uploads\/2025\/12\/yaaaaRecuperado.png\" \/>\n\t<meta property=\"og:image:width\" content=\"410\" \/>\n\t<meta property=\"og:image:height\" content=\"79\" \/>\n\t<meta property=\"og:image:type\" content=\"image\/png\" \/>\n<meta name=\"twitter:card\" content=\"summary_large_image\" \/>\n<meta name=\"twitter:label1\" content=\"Tiempo estimado de lectura\" \/>\n\t<meta name=\"twitter:data1\" content=\"3 minutos\" \/>\n<script type=\"application\/ld+json\" class=\"yoast-schema-graph\">{\"@context\":\"https:\/\/schema.org\",\"@graph\":[{\"@type\":\"WebPage\",\"@id\":\"https:\/\/insertcode.cl\/?page_id=2116\",\"url\":\"https:\/\/insertcode.cl\/?page_id=2116\",\"name\":\"App-Mantencion y control de transportes - InsertCode\",\"isPartOf\":{\"@id\":\"https:\/\/insertcode.cl\/#website\"},\"primaryImageOfPage\":{\"@id\":\"https:\/\/insertcode.cl\/?page_id=2116#primaryimage\"},\"image\":{\"@id\":\"https:\/\/insertcode.cl\/?page_id=2116#primaryimage\"},\"thumbnailUrl\":\"https:\/\/insertcode.cl\/wp-content\/uploads\/2025\/12\/yaaaaRecuperado.png\",\"datePublished\":\"2025-08-14T22:19:23+00:00\",\"dateModified\":\"2025-12-06T17:28:44+00:00\",\"breadcrumb\":{\"@id\":\"https:\/\/insertcode.cl\/?page_id=2116#breadcrumb\"},\"inLanguage\":\"es-CL\",\"potentialAction\":[{\"@type\":\"ReadAction\",\"target\":[\"https:\/\/insertcode.cl\/?page_id=2116\"]}]},{\"@type\":\"ImageObject\",\"inLanguage\":\"es-CL\",\"@id\":\"https:\/\/insertcode.cl\/?page_id=2116#primaryimage\",\"url\":\"https:\/\/insertcode.cl\/wp-content\/uploads\/2025\/12\/yaaaaRecuperado.png\",\"contentUrl\":\"https:\/\/insertcode.cl\/wp-content\/uploads\/2025\/12\/yaaaaRecuperado.png\",\"width\":410,\"height\":79},{\"@type\":\"BreadcrumbList\",\"@id\":\"https:\/\/insertcode.cl\/?page_id=2116#breadcrumb\",\"itemListElement\":[{\"@type\":\"ListItem\",\"position\":1,\"name\":\"Portada\",\"item\":\"https:\/\/insertcode.cl\/\"},{\"@type\":\"ListItem\",\"position\":2,\"name\":\"App-Mantencion y control de transportes\"}]},{\"@type\":\"WebSite\",\"@id\":\"https:\/\/insertcode.cl\/#website\",\"url\":\"https:\/\/insertcode.cl\/\",\"name\":\"InsertCode\",\"description\":\"Soluciones Tecnol\u00f3gicas\",\"publisher\":{\"@id\":\"https:\/\/insertcode.cl\/#organization\"},\"potentialAction\":[{\"@type\":\"SearchAction\",\"target\":{\"@type\":\"EntryPoint\",\"urlTemplate\":\"https:\/\/insertcode.cl\/?s={search_term_string}\"},\"query-input\":{\"@type\":\"PropertyValueSpecification\",\"valueRequired\":true,\"valueName\":\"search_term_string\"}}],\"inLanguage\":\"es-CL\"},{\"@type\":\"Organization\",\"@id\":\"https:\/\/insertcode.cl\/#organization\",\"name\":\"InsertCode\",\"url\":\"https:\/\/insertcode.cl\/\",\"logo\":{\"@type\":\"ImageObject\",\"inLanguage\":\"es-CL\",\"@id\":\"https:\/\/insertcode.cl\/#\/schema\/logo\/image\/\",\"url\":\"https:\/\/insertcode.cl\/wp-content\/uploads\/2025\/09\/cropped-Imagen-de-WhatsApp-2025-03-19-a-las-09.35.31_9811f8ed-1.jpg\",\"contentUrl\":\"https:\/\/insertcode.cl\/wp-content\/uploads\/2025\/09\/cropped-Imagen-de-WhatsApp-2025-03-19-a-las-09.35.31_9811f8ed-1.jpg\",\"width\":512,\"height\":512,\"caption\":\"InsertCode\"},\"image\":{\"@id\":\"https:\/\/insertcode.cl\/#\/schema\/logo\/image\/\"}}]}<\/script>\n<!-- \/ Yoast SEO plugin. -->","yoast_head_json":{"title":"App-Mantencion y control de transportes - InsertCode","robots":{"index":"index","follow":"follow","max-snippet":"max-snippet:-1","max-image-preview":"max-image-preview:large","max-video-preview":"max-video-preview:-1"},"canonical":"https:\/\/insertcode.cl\/?page_id=2116","og_locale":"es_ES","og_type":"article","og_title":"App-Mantencion y control de transportes - InsertCode","og_description":"Un Dashboard de Mantenimiento es una herramienta visual que centraliza informaci\u00f3n clave sobre el estado y gesti\u00f3n de equipos o instalaciones. Muestra indicadores como frecuencia de fallas, trabajos programados, costos y tiempos de inactividad. Facilita el seguimiento en tiempo real y la priorizaci\u00f3n de tareas de mantenimiento preventivo o correctivo. Su uso mejora la eficiencia [&hellip;]","og_url":"https:\/\/insertcode.cl\/?page_id=2116","og_site_name":"InsertCode","article_modified_time":"2025-12-06T17:28:44+00:00","og_image":[{"width":410,"height":79,"url":"https:\/\/insertcode.cl\/wp-content\/uploads\/2025\/12\/yaaaaRecuperado.png","type":"image\/png"}],"twitter_card":"summary_large_image","twitter_misc":{"Tiempo estimado de lectura":"3 minutos"},"schema":{"@context":"https:\/\/schema.org","@graph":[{"@type":"WebPage","@id":"https:\/\/insertcode.cl\/?page_id=2116","url":"https:\/\/insertcode.cl\/?page_id=2116","name":"App-Mantencion y control de transportes - InsertCode","isPartOf":{"@id":"https:\/\/insertcode.cl\/#website"},"primaryImageOfPage":{"@id":"https:\/\/insertcode.cl\/?page_id=2116#primaryimage"},"image":{"@id":"https:\/\/insertcode.cl\/?page_id=2116#primaryimage"},"thumbnailUrl":"https:\/\/insertcode.cl\/wp-content\/uploads\/2025\/12\/yaaaaRecuperado.png","datePublished":"2025-08-14T22:19:23+00:00","dateModified":"2025-12-06T17:28:44+00:00","breadcrumb":{"@id":"https:\/\/insertcode.cl\/?page_id=2116#breadcrumb"},"inLanguage":"es-CL","potentialAction":[{"@type":"ReadAction","target":["https:\/\/insertcode.cl\/?page_id=2116"]}]},{"@type":"ImageObject","inLanguage":"es-CL","@id":"https:\/\/insertcode.cl\/?page_id=2116#primaryimage","url":"https:\/\/insertcode.cl\/wp-content\/uploads\/2025\/12\/yaaaaRecuperado.png","contentUrl":"https:\/\/insertcode.cl\/wp-content\/uploads\/2025\/12\/yaaaaRecuperado.png","width":410,"height":79},{"@type":"BreadcrumbList","@id":"https:\/\/insertcode.cl\/?page_id=2116#breadcrumb","itemListElement":[{"@type":"ListItem","position":1,"name":"Portada","item":"https:\/\/insertcode.cl\/"},{"@type":"ListItem","position":2,"name":"App-Mantencion y control de transportes"}]},{"@type":"WebSite","@id":"https:\/\/insertcode.cl\/#website","url":"https:\/\/insertcode.cl\/","name":"InsertCode","description":"Soluciones Tecnol\u00f3gicas","publisher":{"@id":"https:\/\/insertcode.cl\/#organization"},"potentialAction":[{"@type":"SearchAction","target":{"@type":"EntryPoint","urlTemplate":"https:\/\/insertcode.cl\/?s={search_term_string}"},"query-input":{"@type":"PropertyValueSpecification","valueRequired":true,"valueName":"search_term_string"}}],"inLanguage":"es-CL"},{"@type":"Organization","@id":"https:\/\/insertcode.cl\/#organization","name":"InsertCode","url":"https:\/\/insertcode.cl\/","logo":{"@type":"ImageObject","inLanguage":"es-CL","@id":"https:\/\/insertcode.cl\/#\/schema\/logo\/image\/","url":"https:\/\/insertcode.cl\/wp-content\/uploads\/2025\/09\/cropped-Imagen-de-WhatsApp-2025-03-19-a-las-09.35.31_9811f8ed-1.jpg","contentUrl":"https:\/\/insertcode.cl\/wp-content\/uploads\/2025\/09\/cropped-Imagen-de-WhatsApp-2025-03-19-a-las-09.35.31_9811f8ed-1.jpg","width":512,"height":512,"caption":"InsertCode"},"image":{"@id":"https:\/\/insertcode.cl\/#\/schema\/logo\/image\/"}}]}},"_links":{"self":[{"href":"https:\/\/insertcode.cl\/index.php?rest_route=\/wp\/v2\/pages\/2116","targetHints":{"allow":["GET"]}}],"collection":[{"href":"https:\/\/insertcode.cl\/index.php?rest_route=\/wp\/v2\/pages"}],"about":[{"href":"https:\/\/insertcode.cl\/index.php?rest_route=\/wp\/v2\/types\/page"}],"author":[{"embeddable":true,"href":"https:\/\/insertcode.cl\/index.php?rest_route=\/wp\/v2\/users\/1"}],"replies":[{"embeddable":true,"href":"https:\/\/insertcode.cl\/index.php?rest_route=%2Fwp%2Fv2%2Fcomments&post=2116"}],"version-history":[{"count":2,"href":"https:\/\/insertcode.cl\/index.php?rest_route=\/wp\/v2\/pages\/2116\/revisions"}],"predecessor-version":[{"id":2249,"href":"https:\/\/insertcode.cl\/index.php?rest_route=\/wp\/v2\/pages\/2116\/revisions\/2249"}],"wp:attachment":[{"href":"https:\/\/insertcode.cl\/index.php?rest_route=%2Fwp%2Fv2%2Fmedia&parent=2116"}],"curies":[{"name":"wp","href":"https:\/\/api.w.org\/{rel}","templated":true}]}}