{"id":2031,"date":"2025-04-20T23:59:03","date_gmt":"2025-04-21T02:59:03","guid":{"rendered":"https:\/\/insertcodedigital.cl\/?page_id=2031"},"modified":"2025-04-21T00:05:19","modified_gmt":"2025-04-21T03:05:19","slug":"app-prevencion","status":"publish","type":"page","link":"https:\/\/insertcode.cl\/?page_id=2031","title":{"rendered":"App-Prevenci\u00f3n"},"content":{"rendered":"\n<h2 class=\"wp-block-heading\">Nuestra Aplicaci\u00f3n M\u00f3vil<\/h2>\n\n\n\n<div class=\"wp-block-columns is-layout-flex wp-container-core-columns-is-layout-28f84493 wp-block-columns-is-layout-flex\">\n<div class=\"wp-block-column is-layout-flow wp-block-column-is-layout-flow\">\n<figure class=\"wp-block-embed is-type-video is-provider-youtube wp-block-embed-youtube wp-embed-aspect-16-9 wp-has-aspect-ratio\"><div class=\"wp-block-embed__wrapper\">\n<iframe loading=\"lazy\" title=\"Safenow Insertcode\" width=\"500\" height=\"281\" src=\"https:\/\/www.youtube.com\/embed\/uHxGVL5Jypc?feature=oembed\" frameborder=\"0\" allow=\"accelerometer; autoplay; clipboard-write; encrypted-media; gyroscope; picture-in-picture; web-share\" referrerpolicy=\"strict-origin-when-cross-origin\" allowfullscreen><\/iframe>\n<\/div><\/figure>\n<\/div>\n<\/div>\n\n\n\n<div class=\"wp-block-columns is-layout-flex wp-container-core-columns-is-layout-28f84493 wp-block-columns-is-layout-flex\">\n<div class=\"wp-block-column is-layout-flow wp-block-column-is-layout-flow\"><\/div>\n\n\n\n<div class=\"wp-block-column is-layout-flow wp-block-column-is-layout-flow\">\n<div class=\"wp-block-buttons is-layout-flex wp-block-buttons-is-layout-flex\">\n<div class=\"wp-block-button has-custom-width wp-block-button__width-100\"><a class=\"wp-block-button__link wp-element-button\" href=\"https:\/\/insertcode.cl\/?page_id=1725\">Solicitar Demo<\/a><\/div>\n<\/div>\n<\/div>\n\n\n\n<div class=\"wp-block-column is-layout-flow wp-block-column-is-layout-flow\"><\/div>\n<\/div>\n","protected":false},"excerpt":{"rendered":"<p>Nuestra Aplicaci\u00f3n M\u00f3vil<\/p>\n","protected":false},"author":1,"featured_media":0,"parent":0,"menu_order":0,"comment_status":"closed","ping_status":"closed","template":"","meta":{"footnotes":""},"class_list":["post-2031","page","type-page","status-publish","hentry"],"yoast_head":"<!-- This site is optimized with the Yoast SEO plugin v26.3 - https:\/\/yoast.com\/wordpress\/plugins\/seo\/ -->\n<title>App-Prevenci\u00f3n - InsertCode<\/title>\n<meta name=\"robots\" content=\"index, follow, max-snippet:-1, max-image-preview:large, max-video-preview:-1\" \/>\n<link rel=\"canonical\" href=\"https:\/\/insertcode.cl\/?page_id=2031\" \/>\n<meta property=\"og:locale\" content=\"es_ES\" \/>\n<meta property=\"og:type\" content=\"article\" \/>\n<meta property=\"og:title\" content=\"App-Prevenci\u00f3n - InsertCode\" \/>\n<meta property=\"og:description\" content=\"Nuestra Aplicaci\u00f3n M\u00f3vil\" \/>\n<meta property=\"og:url\" content=\"https:\/\/insertcode.cl\/?page_id=2031\" \/>\n<meta property=\"og:site_name\" content=\"InsertCode\" \/>\n<meta property=\"article:modified_time\" content=\"2025-04-21T03:05:19+00:00\" \/>\n<meta name=\"twitter:card\" content=\"summary_large_image\" \/>\n<script type=\"application\/ld+json\" class=\"yoast-schema-graph\">{\"@context\":\"https:\/\/schema.org\",\"@graph\":[{\"@type\":\"WebPage\",\"@id\":\"https:\/\/insertcode.cl\/?page_id=2031\",\"url\":\"https:\/\/insertcode.cl\/?page_id=2031\",\"name\":\"App-Prevenci\u00f3n - InsertCode\",\"isPartOf\":{\"@id\":\"https:\/\/insertcode.cl\/#website\"},\"datePublished\":\"2025-04-21T02:59:03+00:00\",\"dateModified\":\"2025-04-21T03:05:19+00:00\",\"breadcrumb\":{\"@id\":\"https:\/\/insertcode.cl\/?page_id=2031#breadcrumb\"},\"inLanguage\":\"es-CL\",\"potentialAction\":[{\"@type\":\"ReadAction\",\"target\":[\"https:\/\/insertcode.cl\/?page_id=2031\"]}]},{\"@type\":\"BreadcrumbList\",\"@id\":\"https:\/\/insertcode.cl\/?page_id=2031#breadcrumb\",\"itemListElement\":[{\"@type\":\"ListItem\",\"position\":1,\"name\":\"Portada\",\"item\":\"https:\/\/insertcode.cl\/\"},{\"@type\":\"ListItem\",\"position\":2,\"name\":\"App-Prevenci\u00f3n\"}]},{\"@type\":\"WebSite\",\"@id\":\"https:\/\/insertcode.cl\/#website\",\"url\":\"https:\/\/insertcode.cl\/\",\"name\":\"InsertCode\",\"description\":\"Soluciones Tecnol\u00f3gicas\",\"publisher\":{\"@id\":\"https:\/\/insertcode.cl\/#organization\"},\"potentialAction\":[{\"@type\":\"SearchAction\",\"target\":{\"@type\":\"EntryPoint\",\"urlTemplate\":\"https:\/\/insertcode.cl\/?s={search_term_string}\"},\"query-input\":{\"@type\":\"PropertyValueSpecification\",\"valueRequired\":true,\"valueName\":\"search_term_string\"}}],\"inLanguage\":\"es-CL\"},{\"@type\":\"Organization\",\"@id\":\"https:\/\/insertcode.cl\/#organization\",\"name\":\"InsertCode\",\"url\":\"https:\/\/insertcode.cl\/\",\"logo\":{\"@type\":\"ImageObject\",\"inLanguage\":\"es-CL\",\"@id\":\"https:\/\/insertcode.cl\/#\/schema\/logo\/image\/\",\"url\":\"https:\/\/insertcode.cl\/wp-content\/uploads\/2025\/09\/cropped-Imagen-de-WhatsApp-2025-03-19-a-las-09.35.31_9811f8ed-1.jpg\",\"contentUrl\":\"https:\/\/insertcode.cl\/wp-content\/uploads\/2025\/09\/cropped-Imagen-de-WhatsApp-2025-03-19-a-las-09.35.31_9811f8ed-1.jpg\",\"width\":512,\"height\":512,\"caption\":\"InsertCode\"},\"image\":{\"@id\":\"https:\/\/insertcode.cl\/#\/schema\/logo\/image\/\"}}]}<\/script>\n<!-- \/ Yoast SEO plugin. -->","yoast_head_json":{"title":"App-Prevenci\u00f3n - InsertCode","robots":{"index":"index","follow":"follow","max-snippet":"max-snippet:-1","max-image-preview":"max-image-preview:large","max-video-preview":"max-video-preview:-1"},"canonical":"https:\/\/insertcode.cl\/?page_id=2031","og_locale":"es_ES","og_type":"article","og_title":"App-Prevenci\u00f3n - InsertCode","og_description":"Nuestra Aplicaci\u00f3n M\u00f3vil","og_url":"https:\/\/insertcode.cl\/?page_id=2031","og_site_name":"InsertCode","article_modified_time":"2025-04-21T03:05:19+00:00","twitter_card":"summary_large_image","schema":{"@context":"https:\/\/schema.org","@graph":[{"@type":"WebPage","@id":"https:\/\/insertcode.cl\/?page_id=2031","url":"https:\/\/insertcode.cl\/?page_id=2031","name":"App-Prevenci\u00f3n - InsertCode","isPartOf":{"@id":"https:\/\/insertcode.cl\/#website"},"datePublished":"2025-04-21T02:59:03+00:00","dateModified":"2025-04-21T03:05:19+00:00","breadcrumb":{"@id":"https:\/\/insertcode.cl\/?page_id=2031#breadcrumb"},"inLanguage":"es-CL","potentialAction":[{"@type":"ReadAction","target":["https:\/\/insertcode.cl\/?page_id=2031"]}]},{"@type":"BreadcrumbList","@id":"https:\/\/insertcode.cl\/?page_id=2031#breadcrumb","itemListElement":[{"@type":"ListItem","position":1,"name":"Portada","item":"https:\/\/insertcode.cl\/"},{"@type":"ListItem","position":2,"name":"App-Prevenci\u00f3n"}]},{"@type":"WebSite","@id":"https:\/\/insertcode.cl\/#website","url":"https:\/\/insertcode.cl\/","name":"InsertCode","description":"Soluciones Tecnol\u00f3gicas","publisher":{"@id":"https:\/\/insertcode.cl\/#organization"},"potentialAction":[{"@type":"SearchAction","target":{"@type":"EntryPoint","urlTemplate":"https:\/\/insertcode.cl\/?s={search_term_string}"},"query-input":{"@type":"PropertyValueSpecification","valueRequired":true,"valueName":"search_term_string"}}],"inLanguage":"es-CL"},{"@type":"Organization","@id":"https:\/\/insertcode.cl\/#organization","name":"InsertCode","url":"https:\/\/insertcode.cl\/","logo":{"@type":"ImageObject","inLanguage":"es-CL","@id":"https:\/\/insertcode.cl\/#\/schema\/logo\/image\/","url":"https:\/\/insertcode.cl\/wp-content\/uploads\/2025\/09\/cropped-Imagen-de-WhatsApp-2025-03-19-a-las-09.35.31_9811f8ed-1.jpg","contentUrl":"https:\/\/insertcode.cl\/wp-content\/uploads\/2025\/09\/cropped-Imagen-de-WhatsApp-2025-03-19-a-las-09.35.31_9811f8ed-1.jpg","width":512,"height":512,"caption":"InsertCode"},"image":{"@id":"https:\/\/insertcode.cl\/#\/schema\/logo\/image\/"}}]}},"_links":{"self":[{"href":"https:\/\/insertcode.cl\/index.php?rest_route=\/wp\/v2\/pages\/2031","targetHints":{"allow":["GET"]}}],"collection":[{"href":"https:\/\/insertcode.cl\/index.php?rest_route=\/wp\/v2\/pages"}],"about":[{"href":"https:\/\/insertcode.cl\/index.php?rest_route=\/wp\/v2\/types\/page"}],"author":[{"embeddable":true,"href":"https:\/\/insertcode.cl\/index.php?rest_route=\/wp\/v2\/users\/1"}],"replies":[{"embeddable":true,"href":"https:\/\/insertcode.cl\/index.php?rest_route=%2Fwp%2Fv2%2Fcomments&post=2031"}],"version-history":[{"count":4,"href":"https:\/\/insertcode.cl\/index.php?rest_route=\/wp\/v2\/pages\/2031\/revisions"}],"predecessor-version":[{"id":2037,"href":"https:\/\/insertcode.cl\/index.php?rest_route=\/wp\/v2\/pages\/2031\/revisions\/2037"}],"wp:attachment":[{"href":"https:\/\/insertcode.cl\/index.php?rest_route=%2Fwp%2Fv2%2Fmedia&parent=2031"}],"curies":[{"name":"wp","href":"https:\/\/api.w.org\/{rel}","templated":true}]}}