{"id":1346,"date":"2025-03-26T11:51:36","date_gmt":"2025-03-26T14:51:36","guid":{"rendered":"https:\/\/insertcodedigital.cl\/?page_id=1346"},"modified":"2026-02-08T09:32:30","modified_gmt":"2026-02-08T12:32:30","slug":"1346-2","status":"publish","type":"page","link":"https:\/\/insertcode.cl\/?page_id=1346","title":{"rendered":"Servicios"},"content":{"rendered":"\n<div class=\"wp-block-columns is-layout-flex wp-container-core-columns-is-layout-28f84493 wp-block-columns-is-layout-flex\">\n<div class=\"wp-block-column is-layout-flow wp-block-column-is-layout-flow\" style=\"flex-basis:33.33%\">\n<figure class=\"wp-block-image size-large is-resized\"><img loading=\"lazy\" decoding=\"async\" width=\"1024\" height=\"576\" src=\"https:\/\/insertcode.cl\/wp-content\/uploads\/2025\/12\/YouTube-logo-2-1024x576.png\" alt=\"\" class=\"wp-image-2254\" style=\"width:124px;height:auto\" srcset=\"https:\/\/insertcode.cl\/wp-content\/uploads\/2025\/12\/YouTube-logo-2-1024x576.png 1024w, https:\/\/insertcode.cl\/wp-content\/uploads\/2025\/12\/YouTube-logo-2-300x169.png 300w, https:\/\/insertcode.cl\/wp-content\/uploads\/2025\/12\/YouTube-logo-2-768x432.png 768w, https:\/\/insertcode.cl\/wp-content\/uploads\/2025\/12\/YouTube-logo-2-1536x864.png 1536w, https:\/\/insertcode.cl\/wp-content\/uploads\/2025\/12\/YouTube-logo-2-2048x1152.png 2048w\" sizes=\"auto, (max-width: 1024px) 100vw, 1024px\" \/><\/figure>\n<\/div>\n\n\n\n<div class=\"wp-block-column is-layout-flow wp-block-column-is-layout-flow\" style=\"flex-basis:66.66%\">\n<p><strong>El video ofrece una explicaci\u00f3n clara y din\u00e1mica de todos los servicios disponibles, por lo que te recomiendo revisarlo para conocer a fondo c\u00f3mo puede ayudarte cada herramienta.<\/strong><\/p>\n<\/div>\n<\/div>\n\n\n\n<div style=\"height:18px\" aria-hidden=\"true\" class=\"wp-block-spacer\"><\/div>\n\n\n\n<figure class=\"wp-block-embed is-type-video is-provider-youtube wp-block-embed-youtube wp-embed-aspect-16-9 wp-has-aspect-ratio\"><div class=\"wp-block-embed__wrapper\">\n<iframe loading=\"lazy\" title=\"Insertcode presentaci\u00f3n\" width=\"500\" height=\"281\" src=\"https:\/\/www.youtube.com\/embed\/nJR07y30o8Q?feature=oembed\" frameborder=\"0\" allow=\"accelerometer; autoplay; clipboard-write; encrypted-media; gyroscope; picture-in-picture; web-share\" referrerpolicy=\"strict-origin-when-cross-origin\" allowfullscreen><\/iframe>\n<\/div><\/figure>\n\n\n\n<div style=\"height:30px\" aria-hidden=\"true\" class=\"wp-block-spacer\"><\/div>\n\n\n\n<div class=\"wp-block-columns is-layout-flex wp-container-core-columns-is-layout-28f84493 wp-block-columns-is-layout-flex\">\n<div class=\"wp-block-column is-layout-flow wp-block-column-is-layout-flow\" style=\"flex-basis:25%\">\n<p><strong>Experiencia y especializaci\u00f3n<\/strong><br>Contamos con equipos multidisciplinarios (programadores, dise\u00f1adores, testers, project managers) que dominan diversas tecnolog\u00edas y metodolog\u00edas.<\/p>\n\n\n\n<p><strong>Ahorro de tiempo<\/strong><br>Al tener procesos estandarizados y experiencia previa, pueden entregar proyectos m\u00e1s r\u00e1pido que si se desarrollara internamente desde cero.<\/p>\n\n\n\n<p><strong>Reducci\u00f3n de costos<\/strong><br>Externalizar el desarrollo evita gastos de contrataci\u00f3n, formaci\u00f3n y mantenimiento de un equipo interno, as\u00ed como costos de infraestructura<\/p>\n<\/div>\n\n\n\n<div class=\"wp-block-column is-layout-flow wp-block-column-is-layout-flow\" style=\"flex-basis:50%\">\n<figure class=\"wp-block-pullquote has-heading-color has-text-color has-link-color wp-elements-c87dcd0b32e379e2039688acbb8476f3\"><blockquote><p>Desarrollo de Software<\/p><cite>a la medida <\/cite><\/blockquote><\/figure>\n\n\n\n<figure class=\"wp-block-image size-full\"><img loading=\"lazy\" decoding=\"async\" width=\"700\" height=\"325\" src=\"https:\/\/insertcode.cl\/wp-content\/uploads\/2025\/04\/desarrollo33.jpg\" alt=\"\" class=\"wp-image-2016\" srcset=\"https:\/\/insertcode.cl\/wp-content\/uploads\/2025\/04\/desarrollo33.jpg 700w, https:\/\/insertcode.cl\/wp-content\/uploads\/2025\/04\/desarrollo33-300x139.jpg 300w\" sizes=\"auto, (max-width: 700px) 100vw, 700px\" \/><\/figure>\n<\/div>\n\n\n\n<div class=\"wp-block-column is-layout-flow wp-block-column-is-layout-flow\" style=\"flex-basis:25%\">\n<p><strong>Mayor calidad del producto<\/strong><br>Aplicamos buenas pr\u00e1cticas de desarrollo, pruebas rigurosas y control de calidad, asegurando un producto final m\u00e1s s\u00f3lido y funcional.<\/p>\n\n\n\n<p><strong>Escalabilidad y flexibilidad<\/strong><br>Puedes ajustar el tama\u00f1o del equipo y el alcance del proyecto seg\u00fan las necesidades, sin complicaciones administrativas.<strong>Enfoque en el core del negocio<\/strong><br>Permite que tu empresa se enfoque en su actividad principal, dejando el desarrollo tecnol\u00f3gico en manos de expertos<\/p>\n<\/div>\n<\/div>\n\n\n\n<div class=\"wp-block-columns is-layout-flex wp-container-core-columns-is-layout-28f84493 wp-block-columns-is-layout-flex\">\n<div class=\"wp-block-column is-layout-flow wp-block-column-is-layout-flow\"><\/div>\n\n\n\n<div class=\"wp-block-column is-layout-flow wp-block-column-is-layout-flow\">\n<div class=\"wp-block-buttons is-layout-flex wp-block-buttons-is-layout-flex\">\n<div class=\"wp-block-button has-custom-width wp-block-button__width-100\"><a class=\"wp-block-button__link has-vivid-cyan-blue-background-color has-text-color has-background has-link-color wp-element-button\" href=\"https:\/\/insertcode.cl\/?page_id=1990\" style=\"color:#faf8f8\">Cotizar<\/a><\/div>\n<\/div>\n<\/div>\n\n\n\n<div class=\"wp-block-column has-base-color has-text-color has-link-color wp-elements-52e87db34c5b623690fb164bd7d43eea is-layout-flow wp-block-column-is-layout-flow\"><\/div>\n<\/div>\n\n\n\n<div style=\"height:30px\" aria-hidden=\"true\" class=\"wp-block-spacer\"><\/div>\n\n\n\n<div class=\"wp-block-columns is-layout-flex wp-container-core-columns-is-layout-28f84493 wp-block-columns-is-layout-flex\">\n<div class=\"wp-block-column is-layout-flow wp-block-column-is-layout-flow\" style=\"flex-basis:25%\">\n<p><strong>Visualizaciones impactantes<\/strong>: Te permite crear dashboards e informes interactivos y muy visuales de forma sencilla.<\/p>\n\n\n\n<p><strong>Conexi\u00f3n a m\u00faltiples fuentes de datos<\/strong>: Puedes conectar Power BI a Excel, bases de datos SQL, servicios en la nube (como Azure, Google Analytics, Salesforce) y m\u00e1s.<\/p>\n\n\n\n<p><strong>Actualizaci\u00f3n autom\u00e1tica<\/strong>: Puedes programar actualizaciones autom\u00e1ticas de los datos, asegurando que los informes siempre est\u00e9n al d\u00eda.<\/p>\n\n\n\n<p><strong>Facilidad de uso<\/strong>: Tiene una interfaz intuitiva de tipo &#8220;arrastrar y soltar&#8221;, lo que facilita su uso incluso para usuarios no t\u00e9cnicos.<\/p>\n<\/div>\n\n\n\n<div class=\"wp-block-column is-layout-flow wp-block-column-is-layout-flow\" style=\"flex-basis:50%\">\n<figure class=\"wp-block-pullquote has-heading-color has-text-color has-link-color wp-elements-c786df4fda7af63f3e0f9d036cf9b42a\"><blockquote><p>Power Bi<\/p><cite>Microsoft 365<\/cite><\/blockquote><\/figure>\n\n\n\n<figure class=\"wp-block-image aligncenter size-full\"><img loading=\"lazy\" decoding=\"async\" width=\"700\" height=\"325\" src=\"https:\/\/insertcode.cl\/wp-content\/uploads\/2025\/04\/que-es-power-bi.jpg\" alt=\"\" class=\"wp-image-1949\" srcset=\"https:\/\/insertcode.cl\/wp-content\/uploads\/2025\/04\/que-es-power-bi.jpg 700w, https:\/\/insertcode.cl\/wp-content\/uploads\/2025\/04\/que-es-power-bi-300x139.jpg 300w\" sizes=\"auto, (max-width: 700px) 100vw, 700px\" \/><\/figure>\n<\/div>\n\n\n\n<div class=\"wp-block-column is-layout-flow wp-block-column-is-layout-flow\" style=\"flex-basis:25%\">\n<p><strong>Integraci\u00f3n con otras herramientas de Microsoft<\/strong>: Se integra perfectamente con Excel, Teams, SharePoint, y otros productos de Microsoft 365.<\/p>\n\n\n\n<p><strong>An\u00e1lisis avanzado<\/strong>: Permite realizar an\u00e1lisis de datos avanzados usando DAX (Data Analysis Expressions) y Power Query.<\/p>\n\n\n\n<p><strong>Acceso desde cualquier lugar<\/strong>: Puedes acceder a tus informes desde la aplicaci\u00f3n m\u00f3vil o el navegador web.<\/p>\n<\/div>\n<\/div>\n\n\n\n<div class=\"wp-block-columns is-layout-flex wp-container-core-columns-is-layout-28f84493 wp-block-columns-is-layout-flex\">\n<div class=\"wp-block-column is-layout-flow wp-block-column-is-layout-flow\"><\/div>\n\n\n\n<div class=\"wp-block-column is-layout-flow wp-block-column-is-layout-flow\">\n<div class=\"wp-block-buttons is-layout-flex wp-block-buttons-is-layout-flex\">\n<div class=\"wp-block-button has-custom-width wp-block-button__width-100\"><a class=\"wp-block-button__link has-base-color has-vivid-cyan-blue-background-color has-text-color has-background has-link-color wp-element-button\" href=\"https:\/\/insertcode.cl\/?page_id=1990\">Cotizar<\/a><\/div>\n<\/div>\n<\/div>\n\n\n\n<div class=\"wp-block-column is-layout-flow wp-block-column-is-layout-flow\"><\/div>\n<\/div>\n\n\n\n<div style=\"height:34px\" aria-hidden=\"true\" class=\"wp-block-spacer\"><\/div>\n\n\n\n<div class=\"wp-block-columns is-layout-flex wp-container-core-columns-is-layout-28f84493 wp-block-columns-is-layout-flex\">\n<div class=\"wp-block-column is-layout-flow wp-block-column-is-layout-flow\" style=\"flex-basis:25%\">\n<p><strong>Accesibilidad r\u00e1pida<\/strong>: Los usuarios pueden acceder a la app directamente desde su dispositivo, sin necesidad de abrir un navegador.<\/p>\n\n\n\n<p><strong>Experiencia de usuario optimizada<\/strong>: Las apps suelen ofrecer interfaces m\u00e1s fluidas, personalizadas y adaptadas a m\u00f3viles que las p\u00e1ginas web.<\/p>\n\n\n\n<p><strong>Funcionalidad sin conexi\u00f3n<\/strong>: Muchas aplicaciones permiten el uso de ciertas funciones sin necesidad de conexi\u00f3n a Internet.<\/p>\n\n\n\n<p><strong>Notificaciones push<\/strong>: Las apps pueden enviar alertas y mensajes en tiempo real para mantener a los usuarios informados o enganchados.<\/p>\n<\/div>\n\n\n\n<div class=\"wp-block-column is-layout-flow wp-block-column-is-layout-flow\" style=\"flex-basis:50%\">\n<figure class=\"wp-block-image size-full\"><img loading=\"lazy\" decoding=\"async\" width=\"700\" height=\"325\" src=\"https:\/\/insertcode.cl\/wp-content\/uploads\/2025\/04\/app-movil12.jpg\" alt=\"\" class=\"wp-image-2023\" srcset=\"https:\/\/insertcode.cl\/wp-content\/uploads\/2025\/04\/app-movil12.jpg 700w, https:\/\/insertcode.cl\/wp-content\/uploads\/2025\/04\/app-movil12-300x139.jpg 300w\" sizes=\"auto, (max-width: 700px) 100vw, 700px\" \/><\/figure>\n\n\n\n<figure class=\"wp-block-pullquote has-heading-color has-text-color has-link-color wp-elements-fbe40c6034c7c5df91496c8bb5d5e8be\"><blockquote><p>Aplicaciones<\/p><cite>M\u00f3viles<\/cite><\/blockquote><\/figure>\n<\/div>\n\n\n\n<div class=\"wp-block-column is-layout-flow wp-block-column-is-layout-flow\" style=\"flex-basis:25%\">\n<p><strong>Uso de caracter\u00edsticas del dispositivo<\/strong>: Integran funciones como la c\u00e1mara, GPS, aceler\u00f3metro, micr\u00f3fono, etc., para mejorar la experiencia.<\/p>\n\n\n\n<p><strong>Mayor fidelizaci\u00f3n<\/strong>: Al estar instalada en el m\u00f3vil, la app mantiene presente a la marca y facilita un uso repetido.<\/p>\n\n\n\n<p><strong>Rendimiento mejorado<\/strong>: Las aplicaciones nativas tienden a ser m\u00e1s r\u00e1pidas y eficientes que los sitios web m\u00f3viles.<\/p>\n\n\n\n<p><strong>Personalizaci\u00f3n<\/strong>: Pueden adaptarse a las preferencias y comportamientos del usuario para ofrecer contenido o servicios personalizados.<\/p>\n<\/div>\n<\/div>\n\n\n\n<div class=\"wp-block-columns is-layout-flex wp-container-core-columns-is-layout-28f84493 wp-block-columns-is-layout-flex\">\n<div class=\"wp-block-column is-layout-flow wp-block-column-is-layout-flow\"><\/div>\n\n\n\n<div class=\"wp-block-column is-layout-flow wp-block-column-is-layout-flow\">\n<div class=\"wp-block-buttons is-layout-flex wp-block-buttons-is-layout-flex\">\n<div class=\"wp-block-button has-custom-width wp-block-button__width-100\"><a class=\"wp-block-button__link has-base-color has-vivid-cyan-blue-background-color has-text-color has-background has-link-color wp-element-button\" href=\"https:\/\/insertcode.cl\/?page_id=1990\">Cotizar<\/a><\/div>\n<\/div>\n<\/div>\n\n\n\n<div class=\"wp-block-column is-layout-flow wp-block-column-is-layout-flow\"><\/div>\n<\/div>\n\n\n\n<div style=\"height:33px\" aria-hidden=\"true\" class=\"wp-block-spacer\"><\/div>\n\n\n\n<div class=\"wp-block-columns is-layout-flex wp-container-core-columns-is-layout-28f84493 wp-block-columns-is-layout-flex\">\n<div class=\"wp-block-column is-layout-flow wp-block-column-is-layout-flow\" style=\"flex-basis:25%\">\n<p><strong>Reducci\u00f3n de costos<\/strong>: Ahorras en contrataci\u00f3n, capacitaci\u00f3n, infraestructura y salarios de personal interno especializado.<\/p>\n\n\n\n<p><strong>Acceso a expertos<\/strong>: Obtienes el conocimiento de profesionales altamente capacitados sin necesidad de buscarlos y formarlos t\u00fa mismo.<\/p>\n\n\n\n<p><strong>Enfoque en el negocio principal<\/strong>: Puedes concentrarte en tus actividades clave mientras los expertos en TI manejan la tecnolog\u00eda.<\/p>\n\n\n\n<p><strong>Escalabilidad<\/strong>: Puedes ampliar o reducir los servicios seg\u00fan las necesidades del negocio, de forma r\u00e1pida y flexible.<\/p>\n<\/div>\n\n\n\n<div class=\"wp-block-column is-layout-flow wp-block-column-is-layout-flow\" style=\"flex-basis:50%\">\n<figure class=\"wp-block-image size-full\"><img loading=\"lazy\" decoding=\"async\" width=\"700\" height=\"325\" src=\"https:\/\/insertcode.cl\/wp-content\/uploads\/2025\/04\/out34.png\" alt=\"\" class=\"wp-image-2026\" srcset=\"https:\/\/insertcode.cl\/wp-content\/uploads\/2025\/04\/out34.png 700w, https:\/\/insertcode.cl\/wp-content\/uploads\/2025\/04\/out34-300x139.png 300w\" sizes=\"auto, (max-width: 700px) 100vw, 700px\" \/><\/figure>\n\n\n\n<figure class=\"wp-block-pullquote has-heading-color has-text-color has-link-color wp-elements-b724d909dae861d54f7227841ab4a1be\"><blockquote><p>Servicio de <\/p><cite>Outsourcing<\/cite><\/blockquote><\/figure>\n<\/div>\n\n\n\n<div class=\"wp-block-column is-layout-flow wp-block-column-is-layout-flow\" style=\"flex-basis:25%\">\n<p><strong>Mayor eficiencia y productividad<\/strong>: Al dejar las tareas t\u00e9cnicas en manos de especialistas, los procesos tecnol\u00f3gicos suelen ser m\u00e1s r\u00e1pidos y efectivos.<\/p>\n\n\n\n<p><strong>Acceso a tecnolog\u00eda de punta<\/strong>: Las empresas de outsourcing suelen ofrecer las \u00faltimas soluciones, herramientas y pr\u00e1cticas del mercado.<\/p>\n\n\n\n<p><strong>Reducci\u00f3n de riesgos<\/strong>: Los proveedores de outsourcing gestionan temas como seguridad, cumplimiento legal y recuperaci\u00f3n ante desastres, reduciendo riesgos para tu empresa.<\/p>\n\n\n\n<p><strong>Mejora continua<\/strong>: Los partners de TI suelen proponer innovaciones y mejoras constantes para mantener tu infraestructura actualizada.<\/p>\n<\/div>\n<\/div>\n\n\n\n<div class=\"wp-block-columns is-layout-flex wp-container-core-columns-is-layout-28f84493 wp-block-columns-is-layout-flex\">\n<div class=\"wp-block-column is-layout-flow wp-block-column-is-layout-flow\"><\/div>\n\n\n\n<div class=\"wp-block-column is-layout-flow wp-block-column-is-layout-flow\">\n<div class=\"wp-block-buttons is-layout-flex wp-block-buttons-is-layout-flex\">\n<div class=\"wp-block-button has-custom-width wp-block-button__width-100\"><a class=\"wp-block-button__link has-base-color has-vivid-cyan-blue-background-color has-text-color has-background has-link-color wp-element-button\" href=\"https:\/\/insertcode.cl\/?page_id=1990\">Cotizar<\/a><\/div>\n<\/div>\n<\/div>\n\n\n\n<div class=\"wp-block-column is-layout-flow wp-block-column-is-layout-flow\"><\/div>\n<\/div>\n","protected":false},"excerpt":{"rendered":"<p>El video ofrece una explicaci\u00f3n clara y din\u00e1mica de todos los servicios disponibles, por lo que te recomiendo revisarlo para conocer a fondo c\u00f3mo puede ayudarte cada herramienta. Experiencia y especializaci\u00f3nContamos con equipos multidisciplinarios (programadores, dise\u00f1adores, testers, project managers) que dominan diversas tecnolog\u00edas y metodolog\u00edas. Ahorro de tiempoAl tener procesos estandarizados y experiencia previa, pueden [&hellip;]<\/p>\n","protected":false},"author":1,"featured_media":0,"parent":0,"menu_order":0,"comment_status":"closed","ping_status":"closed","template":"","meta":{"footnotes":""},"class_list":["post-1346","page","type-page","status-publish","hentry"],"yoast_head":"<!-- This site is optimized with the Yoast SEO plugin v26.3 - https:\/\/yoast.com\/wordpress\/plugins\/seo\/ -->\n<title>Servicios - InsertCode<\/title>\n<meta name=\"robots\" content=\"index, follow, max-snippet:-1, max-image-preview:large, max-video-preview:-1\" \/>\n<link rel=\"canonical\" href=\"https:\/\/insertcode.cl\/?page_id=1346\" \/>\n<meta property=\"og:locale\" content=\"es_ES\" \/>\n<meta property=\"og:type\" content=\"article\" \/>\n<meta property=\"og:title\" content=\"Servicios - InsertCode\" \/>\n<meta property=\"og:description\" content=\"El video ofrece una explicaci\u00f3n clara y din\u00e1mica de todos los servicios disponibles, por lo que te recomiendo revisarlo para conocer a fondo c\u00f3mo puede ayudarte cada herramienta. Experiencia y especializaci\u00f3nContamos con equipos multidisciplinarios (programadores, dise\u00f1adores, testers, project managers) que dominan diversas tecnolog\u00edas y metodolog\u00edas. Ahorro de tiempoAl tener procesos estandarizados y experiencia previa, pueden [&hellip;]\" \/>\n<meta property=\"og:url\" content=\"https:\/\/insertcode.cl\/?page_id=1346\" \/>\n<meta property=\"og:site_name\" content=\"InsertCode\" \/>\n<meta property=\"article:modified_time\" content=\"2026-02-08T12:32:30+00:00\" \/>\n<meta property=\"og:image\" content=\"https:\/\/insertcode.cl\/wp-content\/uploads\/2025\/12\/YouTube-logo-2-scaled.png\" \/>\n\t<meta property=\"og:image:width\" content=\"2560\" \/>\n\t<meta property=\"og:image:height\" content=\"1440\" \/>\n\t<meta property=\"og:image:type\" content=\"image\/png\" \/>\n<meta name=\"twitter:card\" content=\"summary_large_image\" \/>\n<meta name=\"twitter:label1\" content=\"Tiempo estimado de lectura\" \/>\n\t<meta name=\"twitter:data1\" content=\"4 minutos\" \/>\n<script type=\"application\/ld+json\" class=\"yoast-schema-graph\">{\"@context\":\"https:\/\/schema.org\",\"@graph\":[{\"@type\":\"WebPage\",\"@id\":\"https:\/\/insertcode.cl\/?page_id=1346\",\"url\":\"https:\/\/insertcode.cl\/?page_id=1346\",\"name\":\"Servicios - InsertCode\",\"isPartOf\":{\"@id\":\"https:\/\/insertcode.cl\/#website\"},\"primaryImageOfPage\":{\"@id\":\"https:\/\/insertcode.cl\/?page_id=1346#primaryimage\"},\"image\":{\"@id\":\"https:\/\/insertcode.cl\/?page_id=1346#primaryimage\"},\"thumbnailUrl\":\"https:\/\/insertcode.cl\/wp-content\/uploads\/2025\/12\/YouTube-logo-2-1024x576.png\",\"datePublished\":\"2025-03-26T14:51:36+00:00\",\"dateModified\":\"2026-02-08T12:32:30+00:00\",\"breadcrumb\":{\"@id\":\"https:\/\/insertcode.cl\/?page_id=1346#breadcrumb\"},\"inLanguage\":\"es-CL\",\"potentialAction\":[{\"@type\":\"ReadAction\",\"target\":[\"https:\/\/insertcode.cl\/?page_id=1346\"]}]},{\"@type\":\"ImageObject\",\"inLanguage\":\"es-CL\",\"@id\":\"https:\/\/insertcode.cl\/?page_id=1346#primaryimage\",\"url\":\"https:\/\/insertcode.cl\/wp-content\/uploads\/2025\/12\/YouTube-logo-2-scaled.png\",\"contentUrl\":\"https:\/\/insertcode.cl\/wp-content\/uploads\/2025\/12\/YouTube-logo-2-scaled.png\",\"width\":2560,\"height\":1440},{\"@type\":\"BreadcrumbList\",\"@id\":\"https:\/\/insertcode.cl\/?page_id=1346#breadcrumb\",\"itemListElement\":[{\"@type\":\"ListItem\",\"position\":1,\"name\":\"Portada\",\"item\":\"https:\/\/insertcode.cl\/\"},{\"@type\":\"ListItem\",\"position\":2,\"name\":\"Servicios\"}]},{\"@type\":\"WebSite\",\"@id\":\"https:\/\/insertcode.cl\/#website\",\"url\":\"https:\/\/insertcode.cl\/\",\"name\":\"InsertCode\",\"description\":\"Soluciones Tecnol\u00f3gicas\",\"publisher\":{\"@id\":\"https:\/\/insertcode.cl\/#organization\"},\"potentialAction\":[{\"@type\":\"SearchAction\",\"target\":{\"@type\":\"EntryPoint\",\"urlTemplate\":\"https:\/\/insertcode.cl\/?s={search_term_string}\"},\"query-input\":{\"@type\":\"PropertyValueSpecification\",\"valueRequired\":true,\"valueName\":\"search_term_string\"}}],\"inLanguage\":\"es-CL\"},{\"@type\":\"Organization\",\"@id\":\"https:\/\/insertcode.cl\/#organization\",\"name\":\"InsertCode\",\"url\":\"https:\/\/insertcode.cl\/\",\"logo\":{\"@type\":\"ImageObject\",\"inLanguage\":\"es-CL\",\"@id\":\"https:\/\/insertcode.cl\/#\/schema\/logo\/image\/\",\"url\":\"https:\/\/insertcode.cl\/wp-content\/uploads\/2025\/09\/cropped-Imagen-de-WhatsApp-2025-03-19-a-las-09.35.31_9811f8ed-1.jpg\",\"contentUrl\":\"https:\/\/insertcode.cl\/wp-content\/uploads\/2025\/09\/cropped-Imagen-de-WhatsApp-2025-03-19-a-las-09.35.31_9811f8ed-1.jpg\",\"width\":512,\"height\":512,\"caption\":\"InsertCode\"},\"image\":{\"@id\":\"https:\/\/insertcode.cl\/#\/schema\/logo\/image\/\"}}]}<\/script>\n<!-- \/ Yoast SEO plugin. -->","yoast_head_json":{"title":"Servicios - InsertCode","robots":{"index":"index","follow":"follow","max-snippet":"max-snippet:-1","max-image-preview":"max-image-preview:large","max-video-preview":"max-video-preview:-1"},"canonical":"https:\/\/insertcode.cl\/?page_id=1346","og_locale":"es_ES","og_type":"article","og_title":"Servicios - InsertCode","og_description":"El video ofrece una explicaci\u00f3n clara y din\u00e1mica de todos los servicios disponibles, por lo que te recomiendo revisarlo para conocer a fondo c\u00f3mo puede ayudarte cada herramienta. Experiencia y especializaci\u00f3nContamos con equipos multidisciplinarios (programadores, dise\u00f1adores, testers, project managers) que dominan diversas tecnolog\u00edas y metodolog\u00edas. Ahorro de tiempoAl tener procesos estandarizados y experiencia previa, pueden [&hellip;]","og_url":"https:\/\/insertcode.cl\/?page_id=1346","og_site_name":"InsertCode","article_modified_time":"2026-02-08T12:32:30+00:00","og_image":[{"width":2560,"height":1440,"url":"https:\/\/insertcode.cl\/wp-content\/uploads\/2025\/12\/YouTube-logo-2-scaled.png","type":"image\/png"}],"twitter_card":"summary_large_image","twitter_misc":{"Tiempo estimado de lectura":"4 minutos"},"schema":{"@context":"https:\/\/schema.org","@graph":[{"@type":"WebPage","@id":"https:\/\/insertcode.cl\/?page_id=1346","url":"https:\/\/insertcode.cl\/?page_id=1346","name":"Servicios - InsertCode","isPartOf":{"@id":"https:\/\/insertcode.cl\/#website"},"primaryImageOfPage":{"@id":"https:\/\/insertcode.cl\/?page_id=1346#primaryimage"},"image":{"@id":"https:\/\/insertcode.cl\/?page_id=1346#primaryimage"},"thumbnailUrl":"https:\/\/insertcode.cl\/wp-content\/uploads\/2025\/12\/YouTube-logo-2-1024x576.png","datePublished":"2025-03-26T14:51:36+00:00","dateModified":"2026-02-08T12:32:30+00:00","breadcrumb":{"@id":"https:\/\/insertcode.cl\/?page_id=1346#breadcrumb"},"inLanguage":"es-CL","potentialAction":[{"@type":"ReadAction","target":["https:\/\/insertcode.cl\/?page_id=1346"]}]},{"@type":"ImageObject","inLanguage":"es-CL","@id":"https:\/\/insertcode.cl\/?page_id=1346#primaryimage","url":"https:\/\/insertcode.cl\/wp-content\/uploads\/2025\/12\/YouTube-logo-2-scaled.png","contentUrl":"https:\/\/insertcode.cl\/wp-content\/uploads\/2025\/12\/YouTube-logo-2-scaled.png","width":2560,"height":1440},{"@type":"BreadcrumbList","@id":"https:\/\/insertcode.cl\/?page_id=1346#breadcrumb","itemListElement":[{"@type":"ListItem","position":1,"name":"Portada","item":"https:\/\/insertcode.cl\/"},{"@type":"ListItem","position":2,"name":"Servicios"}]},{"@type":"WebSite","@id":"https:\/\/insertcode.cl\/#website","url":"https:\/\/insertcode.cl\/","name":"InsertCode","description":"Soluciones Tecnol\u00f3gicas","publisher":{"@id":"https:\/\/insertcode.cl\/#organization"},"potentialAction":[{"@type":"SearchAction","target":{"@type":"EntryPoint","urlTemplate":"https:\/\/insertcode.cl\/?s={search_term_string}"},"query-input":{"@type":"PropertyValueSpecification","valueRequired":true,"valueName":"search_term_string"}}],"inLanguage":"es-CL"},{"@type":"Organization","@id":"https:\/\/insertcode.cl\/#organization","name":"InsertCode","url":"https:\/\/insertcode.cl\/","logo":{"@type":"ImageObject","inLanguage":"es-CL","@id":"https:\/\/insertcode.cl\/#\/schema\/logo\/image\/","url":"https:\/\/insertcode.cl\/wp-content\/uploads\/2025\/09\/cropped-Imagen-de-WhatsApp-2025-03-19-a-las-09.35.31_9811f8ed-1.jpg","contentUrl":"https:\/\/insertcode.cl\/wp-content\/uploads\/2025\/09\/cropped-Imagen-de-WhatsApp-2025-03-19-a-las-09.35.31_9811f8ed-1.jpg","width":512,"height":512,"caption":"InsertCode"},"image":{"@id":"https:\/\/insertcode.cl\/#\/schema\/logo\/image\/"}}]}},"_links":{"self":[{"href":"https:\/\/insertcode.cl\/index.php?rest_route=\/wp\/v2\/pages\/1346","targetHints":{"allow":["GET"]}}],"collection":[{"href":"https:\/\/insertcode.cl\/index.php?rest_route=\/wp\/v2\/pages"}],"about":[{"href":"https:\/\/insertcode.cl\/index.php?rest_route=\/wp\/v2\/types\/page"}],"author":[{"embeddable":true,"href":"https:\/\/insertcode.cl\/index.php?rest_route=\/wp\/v2\/users\/1"}],"replies":[{"embeddable":true,"href":"https:\/\/insertcode.cl\/index.php?rest_route=%2Fwp%2Fv2%2Fcomments&post=1346"}],"version-history":[{"count":27,"href":"https:\/\/insertcode.cl\/index.php?rest_route=\/wp\/v2\/pages\/1346\/revisions"}],"predecessor-version":[{"id":2492,"href":"https:\/\/insertcode.cl\/index.php?rest_route=\/wp\/v2\/pages\/1346\/revisions\/2492"}],"wp:attachment":[{"href":"https:\/\/insertcode.cl\/index.php?rest_route=%2Fwp%2Fv2%2Fmedia&parent=1346"}],"curies":[{"name":"wp","href":"https:\/\/api.w.org\/{rel}","templated":true}]}}